{"id":93,"date":"2022-09-03T21:48:37","date_gmt":"2022-09-03T19:48:37","guid":{"rendered":"http:\/\/xn--laruchedore-kbb.com\/?post_type=product&#038;p=93"},"modified":"2025-04-21T09:55:58","modified_gmt":"2025-04-21T07:55:58","slug":"kilo-de-miel-de-gatinais","status":"publish","type":"product","link":"https:\/\/laruchedoreedugatinais.com\/index.php\/produit\/kilo-de-miel-de-gatinais\/","title":{"rendered":"Reine"},"content":{"rendered":"<h2>Reine Abeille Vigoureuse et Prolifique \u00e0 Vendre<\/h2>\n<h3>Description :<\/h3>\n<p>D\u00e9couvrez notre reine abeille, un joyau de la nature, \u00e9lev\u00e9e avec soin dans notre rucher professionnel. Chaque reine est s\u00e9lectionn\u00e9e pour sa vigueur, sa long\u00e9vit\u00e9 et sa capacit\u00e9 prolifique \u00e0 pondre des \u0153ufs, assurant ainsi une colonie robuste et productive.<\/p>\n<h3>Caract\u00e9ristiques :<\/h3>\n<ul>\n<li><strong>G\u00e9n\u00e9tique Sup\u00e9rieure<\/strong> : Notre reine provient d&rsquo;une lign\u00e9e g\u00e9n\u00e9tique sup\u00e9rieure, promettant des traits r\u00e9sistants aux maladies et une excellente production de miel.<\/li>\n<li><strong>Ponte Abondante<\/strong> : Avec une capacit\u00e9 de ponte impressionnante, notre reine est la cl\u00e9 pour une colonie florissante et en expansion.<\/li>\n<li><strong>Long\u00e9vit\u00e9<\/strong> : \u00c9lev\u00e9e dans des conditions optimales, notre reine a une esp\u00e9rance de vie plus longue compar\u00e9e \u00e0 la moyenne, garantissant la stabilit\u00e9 de votre colonie.<\/li>\n<li><strong>Temperament Doux<\/strong> : Notre reine et sa prog\u00e9niture sont connues pour leur temp\u00e9rament doux, facilitant ainsi la gestion de la ruche.<\/li>\n<li><strong>Pr\u00eate pour l&rsquo;Exp\u00e9dition<\/strong> : Chaque reine est soigneusement emball\u00e9e dans une cage de transport s\u00e9curis\u00e9e et est pr\u00eate \u00e0 \u00eatre exp\u00e9di\u00e9e directement \u00e0 votre rucher.<\/li>\n<\/ul>\n<p>&nbsp;<\/p>\n","protected":false},"excerpt":{"rendered":"<p>Miel doux et cr\u00e9meux<\/p>\n","protected":false},"featured_media":281,"comment_status":"open","ping_status":"closed","template":"","meta":[],"product_brand":[],"product_cat":[21],"product_tag":[],"class_list":{"0":"post-93","1":"product","2":"type-product","3":"status-publish","4":"has-post-thumbnail","6":"product_cat-uncategorized","8":"first","9":"instock","10":"taxable","11":"shipping-taxable","12":"purchasable","13":"product-type-simple"},"yoast_head":"<!-- This site is optimized with the Yoast SEO plugin v27.4 - https:\/\/yoast.com\/product\/yoast-seo-wordpress\/ -->\n<title>Reine - La Ruche Doree du gatinais<\/title>\n<meta name=\"robots\" content=\"index, follow, max-snippet:-1, max-image-preview:large, max-video-preview:-1\" \/>\n<link rel=\"canonical\" href=\"https:\/\/laruchedoreedugatinais.com\/index.php\/produit\/kilo-de-miel-de-gatinais\/\" \/>\n<meta property=\"og:locale\" content=\"fr_FR\" \/>\n<meta property=\"og:type\" content=\"article\" \/>\n<meta property=\"og:title\" content=\"Reine - La Ruche Doree du gatinais\" \/>\n<meta property=\"og:description\" content=\"Miel doux et cr\u00e9meux\" \/>\n<meta property=\"og:url\" content=\"https:\/\/laruchedoreedugatinais.com\/index.php\/produit\/kilo-de-miel-de-gatinais\/\" \/>\n<meta property=\"og:site_name\" content=\"La Ruche Doree du gatinais\" \/>\n<meta property=\"article:modified_time\" content=\"2025-04-21T07:55:58+00:00\" \/>\n<meta property=\"og:image\" content=\"https:\/\/laruchedoreedugatinais.com\/wp-content\/uploads\/2022\/09\/IMG_1109.jpg\" \/>\n\t<meta property=\"og:image:width\" content=\"1024\" \/>\n\t<meta property=\"og:image:height\" content=\"683\" \/>\n\t<meta property=\"og:image:type\" content=\"image\/jpeg\" \/>\n<meta name=\"twitter:card\" content=\"summary_large_image\" \/>\n<meta name=\"twitter:label1\" content=\"Dur\u00e9e de lecture estim\u00e9e\" \/>\n\t<meta name=\"twitter:data1\" content=\"2 minutes\" \/>\n<script type=\"application\/ld+json\" class=\"yoast-schema-graph\">{\"@context\":\"https:\\\/\\\/schema.org\",\"@graph\":[{\"@type\":\"WebPage\",\"@id\":\"https:\\\/\\\/laruchedoreedugatinais.com\\\/index.php\\\/produit\\\/kilo-de-miel-de-gatinais\\\/\",\"url\":\"https:\\\/\\\/laruchedoreedugatinais.com\\\/index.php\\\/produit\\\/kilo-de-miel-de-gatinais\\\/\",\"name\":\"Reine - La Ruche Doree du gatinais\",\"isPartOf\":{\"@id\":\"https:\\\/\\\/laruchedoreedugatinais.com\\\/#website\"},\"primaryImageOfPage\":{\"@id\":\"https:\\\/\\\/laruchedoreedugatinais.com\\\/index.php\\\/produit\\\/kilo-de-miel-de-gatinais\\\/#primaryimage\"},\"image\":{\"@id\":\"https:\\\/\\\/laruchedoreedugatinais.com\\\/index.php\\\/produit\\\/kilo-de-miel-de-gatinais\\\/#primaryimage\"},\"thumbnailUrl\":\"https:\\\/\\\/laruchedoreedugatinais.com\\\/wp-content\\\/uploads\\\/2022\\\/09\\\/IMG_1109.jpg\",\"datePublished\":\"2022-09-03T19:48:37+00:00\",\"dateModified\":\"2025-04-21T07:55:58+00:00\",\"breadcrumb\":{\"@id\":\"https:\\\/\\\/laruchedoreedugatinais.com\\\/index.php\\\/produit\\\/kilo-de-miel-de-gatinais\\\/#breadcrumb\"},\"inLanguage\":\"fr-FR\",\"potentialAction\":[{\"@type\":\"ReadAction\",\"target\":[\"https:\\\/\\\/laruchedoreedugatinais.com\\\/index.php\\\/produit\\\/kilo-de-miel-de-gatinais\\\/\"]}]},{\"@type\":\"ImageObject\",\"inLanguage\":\"fr-FR\",\"@id\":\"https:\\\/\\\/laruchedoreedugatinais.com\\\/index.php\\\/produit\\\/kilo-de-miel-de-gatinais\\\/#primaryimage\",\"url\":\"https:\\\/\\\/laruchedoreedugatinais.com\\\/wp-content\\\/uploads\\\/2022\\\/09\\\/IMG_1109.jpg\",\"contentUrl\":\"https:\\\/\\\/laruchedoreedugatinais.com\\\/wp-content\\\/uploads\\\/2022\\\/09\\\/IMG_1109.jpg\",\"width\":1024,\"height\":683},{\"@type\":\"BreadcrumbList\",\"@id\":\"https:\\\/\\\/laruchedoreedugatinais.com\\\/index.php\\\/produit\\\/kilo-de-miel-de-gatinais\\\/#breadcrumb\",\"itemListElement\":[{\"@type\":\"ListItem\",\"position\":1,\"name\":\"Accueil\",\"item\":\"https:\\\/\\\/laruchedoreedugatinais.com\\\/\"},{\"@type\":\"ListItem\",\"position\":2,\"name\":\"Shop\",\"item\":\"https:\\\/\\\/laruchedoreedugatinais.com\\\/index.php\\\/shop\\\/\"},{\"@type\":\"ListItem\",\"position\":3,\"name\":\"Reine\"}]},{\"@type\":\"WebSite\",\"@id\":\"https:\\\/\\\/laruchedoreedugatinais.com\\\/#website\",\"url\":\"https:\\\/\\\/laruchedoreedugatinais.com\\\/\",\"name\":\"La Ruche Doree du gatinais\",\"description\":\"\",\"potentialAction\":[{\"@type\":\"SearchAction\",\"target\":{\"@type\":\"EntryPoint\",\"urlTemplate\":\"https:\\\/\\\/laruchedoreedugatinais.com\\\/?s={search_term_string}\"},\"query-input\":{\"@type\":\"PropertyValueSpecification\",\"valueRequired\":true,\"valueName\":\"search_term_string\"}}],\"inLanguage\":\"fr-FR\"}]}<\/script>\n<!-- \/ Yoast SEO plugin. -->","yoast_head_json":{"title":"Reine - La Ruche Doree du gatinais","robots":{"index":"index","follow":"follow","max-snippet":"max-snippet:-1","max-image-preview":"max-image-preview:large","max-video-preview":"max-video-preview:-1"},"canonical":"https:\/\/laruchedoreedugatinais.com\/index.php\/produit\/kilo-de-miel-de-gatinais\/","og_locale":"fr_FR","og_type":"article","og_title":"Reine - La Ruche Doree du gatinais","og_description":"Miel doux et cr\u00e9meux","og_url":"https:\/\/laruchedoreedugatinais.com\/index.php\/produit\/kilo-de-miel-de-gatinais\/","og_site_name":"La Ruche Doree du gatinais","article_modified_time":"2025-04-21T07:55:58+00:00","og_image":[{"width":1024,"height":683,"url":"https:\/\/laruchedoreedugatinais.com\/wp-content\/uploads\/2022\/09\/IMG_1109.jpg","type":"image\/jpeg"}],"twitter_card":"summary_large_image","twitter_misc":{"Dur\u00e9e de lecture estim\u00e9e":"2 minutes"},"schema":{"@context":"https:\/\/schema.org","@graph":[{"@type":"WebPage","@id":"https:\/\/laruchedoreedugatinais.com\/index.php\/produit\/kilo-de-miel-de-gatinais\/","url":"https:\/\/laruchedoreedugatinais.com\/index.php\/produit\/kilo-de-miel-de-gatinais\/","name":"Reine - La Ruche Doree du gatinais","isPartOf":{"@id":"https:\/\/laruchedoreedugatinais.com\/#website"},"primaryImageOfPage":{"@id":"https:\/\/laruchedoreedugatinais.com\/index.php\/produit\/kilo-de-miel-de-gatinais\/#primaryimage"},"image":{"@id":"https:\/\/laruchedoreedugatinais.com\/index.php\/produit\/kilo-de-miel-de-gatinais\/#primaryimage"},"thumbnailUrl":"https:\/\/laruchedoreedugatinais.com\/wp-content\/uploads\/2022\/09\/IMG_1109.jpg","datePublished":"2022-09-03T19:48:37+00:00","dateModified":"2025-04-21T07:55:58+00:00","breadcrumb":{"@id":"https:\/\/laruchedoreedugatinais.com\/index.php\/produit\/kilo-de-miel-de-gatinais\/#breadcrumb"},"inLanguage":"fr-FR","potentialAction":[{"@type":"ReadAction","target":["https:\/\/laruchedoreedugatinais.com\/index.php\/produit\/kilo-de-miel-de-gatinais\/"]}]},{"@type":"ImageObject","inLanguage":"fr-FR","@id":"https:\/\/laruchedoreedugatinais.com\/index.php\/produit\/kilo-de-miel-de-gatinais\/#primaryimage","url":"https:\/\/laruchedoreedugatinais.com\/wp-content\/uploads\/2022\/09\/IMG_1109.jpg","contentUrl":"https:\/\/laruchedoreedugatinais.com\/wp-content\/uploads\/2022\/09\/IMG_1109.jpg","width":1024,"height":683},{"@type":"BreadcrumbList","@id":"https:\/\/laruchedoreedugatinais.com\/index.php\/produit\/kilo-de-miel-de-gatinais\/#breadcrumb","itemListElement":[{"@type":"ListItem","position":1,"name":"Accueil","item":"https:\/\/laruchedoreedugatinais.com\/"},{"@type":"ListItem","position":2,"name":"Shop","item":"https:\/\/laruchedoreedugatinais.com\/index.php\/shop\/"},{"@type":"ListItem","position":3,"name":"Reine"}]},{"@type":"WebSite","@id":"https:\/\/laruchedoreedugatinais.com\/#website","url":"https:\/\/laruchedoreedugatinais.com\/","name":"La Ruche Doree du gatinais","description":"","potentialAction":[{"@type":"SearchAction","target":{"@type":"EntryPoint","urlTemplate":"https:\/\/laruchedoreedugatinais.com\/?s={search_term_string}"},"query-input":{"@type":"PropertyValueSpecification","valueRequired":true,"valueName":"search_term_string"}}],"inLanguage":"fr-FR"}]}},"jetpack_sharing_enabled":true,"_links":{"self":[{"href":"https:\/\/laruchedoreedugatinais.com\/index.php\/wp-json\/wp\/v2\/product\/93","targetHints":{"allow":["GET"]}}],"collection":[{"href":"https:\/\/laruchedoreedugatinais.com\/index.php\/wp-json\/wp\/v2\/product"}],"about":[{"href":"https:\/\/laruchedoreedugatinais.com\/index.php\/wp-json\/wp\/v2\/types\/product"}],"replies":[{"embeddable":true,"href":"https:\/\/laruchedoreedugatinais.com\/index.php\/wp-json\/wp\/v2\/comments?post=93"}],"wp:featuredmedia":[{"embeddable":true,"href":"https:\/\/laruchedoreedugatinais.com\/index.php\/wp-json\/wp\/v2\/media\/281"}],"wp:attachment":[{"href":"https:\/\/laruchedoreedugatinais.com\/index.php\/wp-json\/wp\/v2\/media?parent=93"}],"wp:term":[{"taxonomy":"product_brand","embeddable":true,"href":"https:\/\/laruchedoreedugatinais.com\/index.php\/wp-json\/wp\/v2\/product_brand?post=93"},{"taxonomy":"product_cat","embeddable":true,"href":"https:\/\/laruchedoreedugatinais.com\/index.php\/wp-json\/wp\/v2\/product_cat?post=93"},{"taxonomy":"product_tag","embeddable":true,"href":"https:\/\/laruchedoreedugatinais.com\/index.php\/wp-json\/wp\/v2\/product_tag?post=93"}],"curies":[{"name":"wp","href":"https:\/\/api.w.org\/{rel}","templated":true}]}}