{"id":369,"date":"2023-10-03T09:39:44","date_gmt":"2023-10-03T07:39:44","guid":{"rendered":"http:\/\/laruchedoreedugatinais.com\/?post_type=product&#038;p=369"},"modified":"2025-04-21T09:54:57","modified_gmt":"2025-04-21T07:54:57","slug":"essaim-dabeilles","status":"publish","type":"product","link":"https:\/\/laruchedoreedugatinais.com\/index.php\/produit\/essaim-dabeilles\/","title":{"rendered":"Essaim d&rsquo;abeilles"},"content":{"rendered":"<p><strong>Essaim d&rsquo;Abeilles de Qualit\u00e9<br \/>\n<\/strong><\/p>\n<p>D\u00e9couvrez notre essaim d&rsquo;abeilles s\u00e9lectionn\u00e9 avec soin, pr\u00eat \u00e0 enrichir votre ruche. Chaque essaim est compos\u00e9 d&rsquo;une reine vigoureuse et productive accompagn\u00e9e de milliers d&rsquo;abeilles ouvri\u00e8res d\u00e9vou\u00e9es, garantissant une colonie saine et active.<img fetchpriority=\"high\" decoding=\"async\" class=\"alignnone size-medium wp-image-325\" src=\"http:\/\/laruchedoreedugatinais.com\/wp-content\/uploads\/2022\/09\/IMG_20210402_134354-300x225.jpg\" alt=\"\" width=\"300\" height=\"225\" srcset=\"https:\/\/laruchedoreedugatinais.com\/wp-content\/uploads\/2022\/09\/IMG_20210402_134354-300x225.jpg 300w, https:\/\/laruchedoreedugatinais.com\/wp-content\/uploads\/2022\/09\/IMG_20210402_134354-1024x768.jpg 1024w, https:\/\/laruchedoreedugatinais.com\/wp-content\/uploads\/2022\/09\/IMG_20210402_134354-768x576.jpg 768w, https:\/\/laruchedoreedugatinais.com\/wp-content\/uploads\/2022\/09\/IMG_20210402_134354-1536x1152.jpg 1536w, https:\/\/laruchedoreedugatinais.com\/wp-content\/uploads\/2022\/09\/IMG_20210402_134354-2048x1536.jpg 2048w, https:\/\/laruchedoreedugatinais.com\/wp-content\/uploads\/2022\/09\/IMG_20210402_134354-1320x990.jpg 1320w, https:\/\/laruchedoreedugatinais.com\/wp-content\/uploads\/2022\/09\/IMG_20210402_134354-600x450.jpg 600w\" sizes=\"(max-width: 300px) 100vw, 300px\" \/> <img decoding=\"async\" class=\"alignnone size-medium wp-image-326\" src=\"http:\/\/laruchedoreedugatinais.com\/wp-content\/uploads\/2022\/09\/IMG_20210402_141027-225x300.jpg\" alt=\"\" width=\"225\" height=\"300\" srcset=\"https:\/\/laruchedoreedugatinais.com\/wp-content\/uploads\/2022\/09\/IMG_20210402_141027-225x300.jpg 225w, https:\/\/laruchedoreedugatinais.com\/wp-content\/uploads\/2022\/09\/IMG_20210402_141027-768x1024.jpg 768w, https:\/\/laruchedoreedugatinais.com\/wp-content\/uploads\/2022\/09\/IMG_20210402_141027-1152x1536.jpg 1152w, https:\/\/laruchedoreedugatinais.com\/wp-content\/uploads\/2022\/09\/IMG_20210402_141027-1536x2048.jpg 1536w, https:\/\/laruchedoreedugatinais.com\/wp-content\/uploads\/2022\/09\/IMG_20210402_141027-1320x1760.jpg 1320w, https:\/\/laruchedoreedugatinais.com\/wp-content\/uploads\/2022\/09\/IMG_20210402_141027-600x800.jpg 600w, https:\/\/laruchedoreedugatinais.com\/wp-content\/uploads\/2022\/09\/IMG_20210402_141027-scaled.jpg 1920w\" sizes=\"(max-width: 225px) 100vw, 225px\" \/> <img decoding=\"async\" class=\"alignnone size-medium wp-image-327\" src=\"http:\/\/laruchedoreedugatinais.com\/wp-content\/uploads\/2022\/09\/IMG_20210421_123652-300x225.jpg\" alt=\"\" width=\"300\" height=\"225\" srcset=\"https:\/\/laruchedoreedugatinais.com\/wp-content\/uploads\/2022\/09\/IMG_20210421_123652-300x225.jpg 300w, https:\/\/laruchedoreedugatinais.com\/wp-content\/uploads\/2022\/09\/IMG_20210421_123652-1024x768.jpg 1024w, https:\/\/laruchedoreedugatinais.com\/wp-content\/uploads\/2022\/09\/IMG_20210421_123652-768x576.jpg 768w, https:\/\/laruchedoreedugatinais.com\/wp-content\/uploads\/2022\/09\/IMG_20210421_123652-1536x1152.jpg 1536w, https:\/\/laruchedoreedugatinais.com\/wp-content\/uploads\/2022\/09\/IMG_20210421_123652-2048x1536.jpg 2048w, https:\/\/laruchedoreedugatinais.com\/wp-content\/uploads\/2022\/09\/IMG_20210421_123652-1320x990.jpg 1320w, https:\/\/laruchedoreedugatinais.com\/wp-content\/uploads\/2022\/09\/IMG_20210421_123652-600x450.jpg 600w\" sizes=\"(max-width: 300px) 100vw, 300px\" \/><\/p>\n","protected":false},"excerpt":{"rendered":"<p>Essaim d&rsquo;Abeilles de Qualit\u00e9 D\u00e9couvrez notre essaim d&rsquo;abeilles s\u00e9lectionn\u00e9 avec soin, pr\u00eat \u00e0 enrichir votre ruche. Chaque essaim est compos\u00e9 d&rsquo;une reine vigoureuse et productive accompagn\u00e9e de milliers d&rsquo;abeilles ouvri\u00e8res d\u00e9vou\u00e9es, garantissant une colonie saine et active.<\/p>\n","protected":false},"featured_media":326,"comment_status":"open","ping_status":"closed","template":"","meta":[],"product_brand":[],"product_cat":[21],"product_tag":[],"class_list":{"0":"post-369","1":"product","2":"type-product","3":"status-publish","4":"has-post-thumbnail","6":"product_cat-uncategorized","7":"product_shipping_class-retrait-seulement","9":"first","10":"instock","11":"taxable","12":"shipping-taxable","13":"purchasable","14":"product-type-simple"},"yoast_head":"<!-- This site is optimized with the Yoast SEO plugin v27.4 - https:\/\/yoast.com\/product\/yoast-seo-wordpress\/ -->\n<title>Essaim d&#039;abeilles - La Ruche Doree du gatinais<\/title>\n<meta name=\"robots\" content=\"index, follow, max-snippet:-1, max-image-preview:large, max-video-preview:-1\" \/>\n<link rel=\"canonical\" href=\"https:\/\/laruchedoreedugatinais.com\/index.php\/produit\/essaim-dabeilles\/\" \/>\n<meta property=\"og:locale\" content=\"fr_FR\" \/>\n<meta property=\"og:type\" content=\"article\" \/>\n<meta property=\"og:title\" content=\"Essaim d&#039;abeilles - La Ruche Doree du gatinais\" \/>\n<meta property=\"og:description\" content=\"Essaim d&rsquo;Abeilles de Qualit\u00e9 D\u00e9couvrez notre essaim d&rsquo;abeilles s\u00e9lectionn\u00e9 avec soin, pr\u00eat \u00e0 enrichir votre ruche. Chaque essaim est compos\u00e9 d&rsquo;une reine vigoureuse et productive accompagn\u00e9e de milliers d&rsquo;abeilles ouvri\u00e8res d\u00e9vou\u00e9es, garantissant une colonie saine et active.\" \/>\n<meta property=\"og:url\" content=\"https:\/\/laruchedoreedugatinais.com\/index.php\/produit\/essaim-dabeilles\/\" \/>\n<meta property=\"og:site_name\" content=\"La Ruche Doree du gatinais\" \/>\n<meta property=\"article:modified_time\" content=\"2025-04-21T07:54:57+00:00\" \/>\n<meta property=\"og:image\" content=\"https:\/\/laruchedoreedugatinais.com\/wp-content\/uploads\/2022\/09\/IMG_20210402_141027-scaled.jpg\" \/>\n\t<meta property=\"og:image:width\" content=\"1920\" \/>\n\t<meta property=\"og:image:height\" content=\"2560\" \/>\n\t<meta property=\"og:image:type\" content=\"image\/jpeg\" \/>\n<meta name=\"twitter:card\" content=\"summary_large_image\" \/>\n<meta name=\"twitter:label1\" content=\"Dur\u00e9e de lecture estim\u00e9e\" \/>\n\t<meta name=\"twitter:data1\" content=\"1 minute\" \/>\n<script type=\"application\/ld+json\" class=\"yoast-schema-graph\">{\"@context\":\"https:\\\/\\\/schema.org\",\"@graph\":[{\"@type\":\"WebPage\",\"@id\":\"https:\\\/\\\/laruchedoreedugatinais.com\\\/index.php\\\/produit\\\/essaim-dabeilles\\\/\",\"url\":\"https:\\\/\\\/laruchedoreedugatinais.com\\\/index.php\\\/produit\\\/essaim-dabeilles\\\/\",\"name\":\"Essaim d'abeilles - La Ruche Doree du gatinais\",\"isPartOf\":{\"@id\":\"https:\\\/\\\/laruchedoreedugatinais.com\\\/#website\"},\"primaryImageOfPage\":{\"@id\":\"https:\\\/\\\/laruchedoreedugatinais.com\\\/index.php\\\/produit\\\/essaim-dabeilles\\\/#primaryimage\"},\"image\":{\"@id\":\"https:\\\/\\\/laruchedoreedugatinais.com\\\/index.php\\\/produit\\\/essaim-dabeilles\\\/#primaryimage\"},\"thumbnailUrl\":\"https:\\\/\\\/laruchedoreedugatinais.com\\\/wp-content\\\/uploads\\\/2022\\\/09\\\/IMG_20210402_141027-scaled.jpg\",\"datePublished\":\"2023-10-03T07:39:44+00:00\",\"dateModified\":\"2025-04-21T07:54:57+00:00\",\"breadcrumb\":{\"@id\":\"https:\\\/\\\/laruchedoreedugatinais.com\\\/index.php\\\/produit\\\/essaim-dabeilles\\\/#breadcrumb\"},\"inLanguage\":\"fr-FR\",\"potentialAction\":[{\"@type\":\"ReadAction\",\"target\":[\"https:\\\/\\\/laruchedoreedugatinais.com\\\/index.php\\\/produit\\\/essaim-dabeilles\\\/\"]}]},{\"@type\":\"ImageObject\",\"inLanguage\":\"fr-FR\",\"@id\":\"https:\\\/\\\/laruchedoreedugatinais.com\\\/index.php\\\/produit\\\/essaim-dabeilles\\\/#primaryimage\",\"url\":\"https:\\\/\\\/laruchedoreedugatinais.com\\\/wp-content\\\/uploads\\\/2022\\\/09\\\/IMG_20210402_141027-scaled.jpg\",\"contentUrl\":\"https:\\\/\\\/laruchedoreedugatinais.com\\\/wp-content\\\/uploads\\\/2022\\\/09\\\/IMG_20210402_141027-scaled.jpg\",\"width\":1920,\"height\":2560},{\"@type\":\"BreadcrumbList\",\"@id\":\"https:\\\/\\\/laruchedoreedugatinais.com\\\/index.php\\\/produit\\\/essaim-dabeilles\\\/#breadcrumb\",\"itemListElement\":[{\"@type\":\"ListItem\",\"position\":1,\"name\":\"Accueil\",\"item\":\"https:\\\/\\\/laruchedoreedugatinais.com\\\/\"},{\"@type\":\"ListItem\",\"position\":2,\"name\":\"Shop\",\"item\":\"https:\\\/\\\/laruchedoreedugatinais.com\\\/index.php\\\/shop\\\/\"},{\"@type\":\"ListItem\",\"position\":3,\"name\":\"Essaim d&rsquo;abeilles\"}]},{\"@type\":\"WebSite\",\"@id\":\"https:\\\/\\\/laruchedoreedugatinais.com\\\/#website\",\"url\":\"https:\\\/\\\/laruchedoreedugatinais.com\\\/\",\"name\":\"La Ruche Doree du gatinais\",\"description\":\"\",\"potentialAction\":[{\"@type\":\"SearchAction\",\"target\":{\"@type\":\"EntryPoint\",\"urlTemplate\":\"https:\\\/\\\/laruchedoreedugatinais.com\\\/?s={search_term_string}\"},\"query-input\":{\"@type\":\"PropertyValueSpecification\",\"valueRequired\":true,\"valueName\":\"search_term_string\"}}],\"inLanguage\":\"fr-FR\"}]}<\/script>\n<!-- \/ Yoast SEO plugin. -->","yoast_head_json":{"title":"Essaim d'abeilles - La Ruche Doree du gatinais","robots":{"index":"index","follow":"follow","max-snippet":"max-snippet:-1","max-image-preview":"max-image-preview:large","max-video-preview":"max-video-preview:-1"},"canonical":"https:\/\/laruchedoreedugatinais.com\/index.php\/produit\/essaim-dabeilles\/","og_locale":"fr_FR","og_type":"article","og_title":"Essaim d'abeilles - La Ruche Doree du gatinais","og_description":"Essaim d&rsquo;Abeilles de Qualit\u00e9 D\u00e9couvrez notre essaim d&rsquo;abeilles s\u00e9lectionn\u00e9 avec soin, pr\u00eat \u00e0 enrichir votre ruche. Chaque essaim est compos\u00e9 d&rsquo;une reine vigoureuse et productive accompagn\u00e9e de milliers d&rsquo;abeilles ouvri\u00e8res d\u00e9vou\u00e9es, garantissant une colonie saine et active.","og_url":"https:\/\/laruchedoreedugatinais.com\/index.php\/produit\/essaim-dabeilles\/","og_site_name":"La Ruche Doree du gatinais","article_modified_time":"2025-04-21T07:54:57+00:00","og_image":[{"width":1920,"height":2560,"url":"https:\/\/laruchedoreedugatinais.com\/wp-content\/uploads\/2022\/09\/IMG_20210402_141027-scaled.jpg","type":"image\/jpeg"}],"twitter_card":"summary_large_image","twitter_misc":{"Dur\u00e9e de lecture estim\u00e9e":"1 minute"},"schema":{"@context":"https:\/\/schema.org","@graph":[{"@type":"WebPage","@id":"https:\/\/laruchedoreedugatinais.com\/index.php\/produit\/essaim-dabeilles\/","url":"https:\/\/laruchedoreedugatinais.com\/index.php\/produit\/essaim-dabeilles\/","name":"Essaim d'abeilles - La Ruche Doree du gatinais","isPartOf":{"@id":"https:\/\/laruchedoreedugatinais.com\/#website"},"primaryImageOfPage":{"@id":"https:\/\/laruchedoreedugatinais.com\/index.php\/produit\/essaim-dabeilles\/#primaryimage"},"image":{"@id":"https:\/\/laruchedoreedugatinais.com\/index.php\/produit\/essaim-dabeilles\/#primaryimage"},"thumbnailUrl":"https:\/\/laruchedoreedugatinais.com\/wp-content\/uploads\/2022\/09\/IMG_20210402_141027-scaled.jpg","datePublished":"2023-10-03T07:39:44+00:00","dateModified":"2025-04-21T07:54:57+00:00","breadcrumb":{"@id":"https:\/\/laruchedoreedugatinais.com\/index.php\/produit\/essaim-dabeilles\/#breadcrumb"},"inLanguage":"fr-FR","potentialAction":[{"@type":"ReadAction","target":["https:\/\/laruchedoreedugatinais.com\/index.php\/produit\/essaim-dabeilles\/"]}]},{"@type":"ImageObject","inLanguage":"fr-FR","@id":"https:\/\/laruchedoreedugatinais.com\/index.php\/produit\/essaim-dabeilles\/#primaryimage","url":"https:\/\/laruchedoreedugatinais.com\/wp-content\/uploads\/2022\/09\/IMG_20210402_141027-scaled.jpg","contentUrl":"https:\/\/laruchedoreedugatinais.com\/wp-content\/uploads\/2022\/09\/IMG_20210402_141027-scaled.jpg","width":1920,"height":2560},{"@type":"BreadcrumbList","@id":"https:\/\/laruchedoreedugatinais.com\/index.php\/produit\/essaim-dabeilles\/#breadcrumb","itemListElement":[{"@type":"ListItem","position":1,"name":"Accueil","item":"https:\/\/laruchedoreedugatinais.com\/"},{"@type":"ListItem","position":2,"name":"Shop","item":"https:\/\/laruchedoreedugatinais.com\/index.php\/shop\/"},{"@type":"ListItem","position":3,"name":"Essaim d&rsquo;abeilles"}]},{"@type":"WebSite","@id":"https:\/\/laruchedoreedugatinais.com\/#website","url":"https:\/\/laruchedoreedugatinais.com\/","name":"La Ruche Doree du gatinais","description":"","potentialAction":[{"@type":"SearchAction","target":{"@type":"EntryPoint","urlTemplate":"https:\/\/laruchedoreedugatinais.com\/?s={search_term_string}"},"query-input":{"@type":"PropertyValueSpecification","valueRequired":true,"valueName":"search_term_string"}}],"inLanguage":"fr-FR"}]}},"jetpack_sharing_enabled":true,"_links":{"self":[{"href":"https:\/\/laruchedoreedugatinais.com\/index.php\/wp-json\/wp\/v2\/product\/369","targetHints":{"allow":["GET"]}}],"collection":[{"href":"https:\/\/laruchedoreedugatinais.com\/index.php\/wp-json\/wp\/v2\/product"}],"about":[{"href":"https:\/\/laruchedoreedugatinais.com\/index.php\/wp-json\/wp\/v2\/types\/product"}],"replies":[{"embeddable":true,"href":"https:\/\/laruchedoreedugatinais.com\/index.php\/wp-json\/wp\/v2\/comments?post=369"}],"wp:featuredmedia":[{"embeddable":true,"href":"https:\/\/laruchedoreedugatinais.com\/index.php\/wp-json\/wp\/v2\/media\/326"}],"wp:attachment":[{"href":"https:\/\/laruchedoreedugatinais.com\/index.php\/wp-json\/wp\/v2\/media?parent=369"}],"wp:term":[{"taxonomy":"product_brand","embeddable":true,"href":"https:\/\/laruchedoreedugatinais.com\/index.php\/wp-json\/wp\/v2\/product_brand?post=369"},{"taxonomy":"product_cat","embeddable":true,"href":"https:\/\/laruchedoreedugatinais.com\/index.php\/wp-json\/wp\/v2\/product_cat?post=369"},{"taxonomy":"product_tag","embeddable":true,"href":"https:\/\/laruchedoreedugatinais.com\/index.php\/wp-json\/wp\/v2\/product_tag?post=369"}],"curies":[{"name":"wp","href":"https:\/\/api.w.org\/{rel}","templated":true}]}}