{"id":25,"date":"2022-08-31T15:00:53","date_gmt":"2022-08-31T13:00:53","guid":{"rendered":"http:\/\/xn--laruchedore-kbb.com\/?page_id=25"},"modified":"2023-10-24T10:19:57","modified_gmt":"2023-10-24T08:19:57","slug":"produits-de-la-ruche","status":"publish","type":"page","link":"https:\/\/laruchedoreedugatinais.com\/index.php\/produits-de-la-ruche\/","title":{"rendered":"produits de la ruche"},"content":{"rendered":"\t\t<div data-elementor-type=\"wp-page\" data-elementor-id=\"25\" class=\"elementor elementor-25\" data-elementor-post-type=\"page\">\n\t\t\t\t\t\t<section class=\"elementor-section elementor-top-section elementor-element elementor-element-ed55335 elementor-section-boxed elementor-section-height-default elementor-section-height-default\" data-id=\"ed55335\" data-element_type=\"section\" data-e-type=\"section\">\n\t\t\t\t\t\t<div class=\"elementor-container elementor-column-gap-default\">\n\t\t\t\t\t<div class=\"elementor-column elementor-col-100 elementor-top-column elementor-element elementor-element-f8fa8c5\" data-id=\"f8fa8c5\" data-element_type=\"column\" data-e-type=\"column\">\n\t\t\t<div class=\"elementor-widget-wrap elementor-element-populated\">\n\t\t\t\t\t\t<div class=\"elementor-element elementor-element-72aebd3 elementor-product-loop-item--align-left elementor-grid-4 elementor-grid-tablet-3 elementor-grid-mobile-2 elementor-products-grid elementor-wc-products elementor-widget elementor-widget-woocommerce-products\" data-id=\"72aebd3\" data-element_type=\"widget\" data-e-type=\"widget\" data-widget_type=\"woocommerce-products.default\">\n\t\t\t\t<div class=\"elementor-widget-container\">\n\t\t\t\t\t<div class=\"woocommerce columns-4 \"><ul class=\"products elementor-grid columns-4\">\n<li class=\"product type-product post-369 status-publish first instock product_cat-uncategorized has-post-thumbnail taxable shipping-taxable purchasable product-type-simple\">\n\t<a href=\"https:\/\/laruchedoreedugatinais.com\/index.php\/produit\/essaim-dabeilles\/\" class=\"woocommerce-LoopProduct-link woocommerce-loop-product__link\"><img fetchpriority=\"high\" decoding=\"async\" width=\"300\" height=\"300\" src=\"https:\/\/laruchedoreedugatinais.com\/wp-content\/uploads\/2022\/09\/IMG_20210402_141027-300x300.jpg\" class=\"attachment-woocommerce_thumbnail size-woocommerce_thumbnail\" alt=\"Essaim d&#039;abeilles\" srcset=\"https:\/\/laruchedoreedugatinais.com\/wp-content\/uploads\/2022\/09\/IMG_20210402_141027-300x300.jpg 300w, https:\/\/laruchedoreedugatinais.com\/wp-content\/uploads\/2022\/09\/IMG_20210402_141027-150x150.jpg 150w, https:\/\/laruchedoreedugatinais.com\/wp-content\/uploads\/2022\/09\/IMG_20210402_141027-100x100.jpg 100w\" sizes=\"(max-width: 300px) 100vw, 300px\" \/><h2 class=\"woocommerce-loop-product__title\">Essaim d&rsquo;abeilles<\/h2>\n\t<span class=\"price\"><span class=\"woocommerce-Price-amount amount\"><bdi>175,00&nbsp;<span class=\"woocommerce-Price-currencySymbol\">&euro;<\/span><\/bdi><\/span><\/span>\n<\/a><a href=\"https:\/\/laruchedoreedugatinais.com\/index.php\/produit\/essaim-dabeilles\/\" aria-describedby=\"woocommerce_loop_add_to_cart_link_describedby_369\" data-quantity=\"1\" class=\"button product_type_simple add_to_cart_button\" data-product_id=\"369\" data-product_sku=\"\" aria-label=\"Ajouter au panier\u00a0: &ldquo;Essaim d&#039;abeilles&rdquo;\" rel=\"nofollow\" data-success_message=\"\u00ab\u00a0Essaim d&#039;abeilles\u00a0\u00bb a \u00e9t\u00e9 ajout\u00e9 \u00e0 votre panier\">Select options<\/a>\t<span id=\"woocommerce_loop_add_to_cart_link_describedby_369\" class=\"screen-reader-text\">\n\t\t\t<\/span>\n<\/li>\n<li class=\"product type-product post-93 status-publish instock product_cat-uncategorized has-post-thumbnail taxable shipping-taxable purchasable product-type-simple\">\n\t<a href=\"https:\/\/laruchedoreedugatinais.com\/index.php\/produit\/kilo-de-miel-de-gatinais\/\" class=\"woocommerce-LoopProduct-link woocommerce-loop-product__link\"><img decoding=\"async\" width=\"300\" height=\"300\" src=\"https:\/\/laruchedoreedugatinais.com\/wp-content\/uploads\/2022\/09\/IMG_1109-300x300.jpg\" class=\"attachment-woocommerce_thumbnail size-woocommerce_thumbnail\" alt=\"Reine\" srcset=\"https:\/\/laruchedoreedugatinais.com\/wp-content\/uploads\/2022\/09\/IMG_1109-300x300.jpg 300w, https:\/\/laruchedoreedugatinais.com\/wp-content\/uploads\/2022\/09\/IMG_1109-150x150.jpg 150w, https:\/\/laruchedoreedugatinais.com\/wp-content\/uploads\/2022\/09\/IMG_1109-100x100.jpg 100w\" sizes=\"(max-width: 300px) 100vw, 300px\" \/><h2 class=\"woocommerce-loop-product__title\">Reine<\/h2>\n\t<span class=\"price\"><span class=\"woocommerce-Price-amount amount\"><bdi>36,00&nbsp;<span class=\"woocommerce-Price-currencySymbol\">&euro;<\/span><\/bdi><\/span><\/span>\n<\/a><a href=\"https:\/\/laruchedoreedugatinais.com\/index.php\/produit\/kilo-de-miel-de-gatinais\/\" aria-describedby=\"woocommerce_loop_add_to_cart_link_describedby_93\" data-quantity=\"1\" class=\"button product_type_simple add_to_cart_button\" data-product_id=\"93\" data-product_sku=\"\" aria-label=\"Ajouter au panier\u00a0: &ldquo;Reine&rdquo;\" rel=\"nofollow\" data-success_message=\"\u00ab\u00a0Reine\u00a0\u00bb a \u00e9t\u00e9 ajout\u00e9 \u00e0 votre panier\">Select options<\/a>\t<span id=\"woocommerce_loop_add_to_cart_link_describedby_93\" class=\"screen-reader-text\">\n\t\t\t<\/span>\n<\/li>\n<\/ul>\n<\/div>\t\t\t\t<\/div>\n\t\t\t\t<\/div>\n\t\t\t\t\t<\/div>\n\t\t<\/div>\n\t\t\t\t\t<\/div>\n\t\t<\/section>\n\t\t\t\t<\/div>\n\t\t","protected":false},"excerpt":{"rendered":"","protected":false},"author":1,"featured_media":0,"parent":0,"menu_order":0,"comment_status":"closed","ping_status":"closed","template":"","meta":{"footnotes":""},"class_list":["post-25","page","type-page","status-publish","hentry"],"yoast_head":"<!-- This site is optimized with the Yoast SEO plugin v27.3 - https:\/\/yoast.com\/product\/yoast-seo-wordpress\/ -->\n<title>produits de la ruche - La Ruche Doree du gatinais<\/title>\n<meta name=\"robots\" content=\"index, follow, max-snippet:-1, max-image-preview:large, max-video-preview:-1\" \/>\n<link rel=\"canonical\" href=\"https:\/\/laruchedoreedugatinais.com\/index.php\/produits-de-la-ruche\/\" \/>\n<meta property=\"og:locale\" content=\"fr_FR\" \/>\n<meta property=\"og:type\" content=\"article\" \/>\n<meta property=\"og:title\" content=\"produits de la ruche - La Ruche Doree du gatinais\" \/>\n<meta property=\"og:url\" content=\"https:\/\/laruchedoreedugatinais.com\/index.php\/produits-de-la-ruche\/\" \/>\n<meta property=\"og:site_name\" content=\"La Ruche Doree du gatinais\" \/>\n<meta property=\"article:modified_time\" content=\"2023-10-24T08:19:57+00:00\" \/>\n<meta name=\"twitter:card\" content=\"summary_large_image\" \/>\n<meta name=\"twitter:label1\" content=\"Dur\u00e9e de lecture estim\u00e9e\" \/>\n\t<meta name=\"twitter:data1\" content=\"1 minute\" \/>\n<script type=\"application\/ld+json\" class=\"yoast-schema-graph\">{\"@context\":\"https:\\\/\\\/schema.org\",\"@graph\":[{\"@type\":\"WebPage\",\"@id\":\"https:\\\/\\\/laruchedoreedugatinais.com\\\/index.php\\\/produits-de-la-ruche\\\/\",\"url\":\"https:\\\/\\\/laruchedoreedugatinais.com\\\/index.php\\\/produits-de-la-ruche\\\/\",\"name\":\"produits de la ruche - La Ruche Doree du gatinais\",\"isPartOf\":{\"@id\":\"https:\\\/\\\/laruchedoreedugatinais.com\\\/#website\"},\"datePublished\":\"2022-08-31T13:00:53+00:00\",\"dateModified\":\"2023-10-24T08:19:57+00:00\",\"breadcrumb\":{\"@id\":\"https:\\\/\\\/laruchedoreedugatinais.com\\\/index.php\\\/produits-de-la-ruche\\\/#breadcrumb\"},\"inLanguage\":\"fr-FR\",\"potentialAction\":[{\"@type\":\"ReadAction\",\"target\":[\"https:\\\/\\\/laruchedoreedugatinais.com\\\/index.php\\\/produits-de-la-ruche\\\/\"]}]},{\"@type\":\"BreadcrumbList\",\"@id\":\"https:\\\/\\\/laruchedoreedugatinais.com\\\/index.php\\\/produits-de-la-ruche\\\/#breadcrumb\",\"itemListElement\":[{\"@type\":\"ListItem\",\"position\":1,\"name\":\"Accueil\",\"item\":\"https:\\\/\\\/laruchedoreedugatinais.com\\\/\"},{\"@type\":\"ListItem\",\"position\":2,\"name\":\"produits de la ruche\"}]},{\"@type\":\"WebSite\",\"@id\":\"https:\\\/\\\/laruchedoreedugatinais.com\\\/#website\",\"url\":\"https:\\\/\\\/laruchedoreedugatinais.com\\\/\",\"name\":\"La Ruche Doree du gatinais\",\"description\":\"\",\"potentialAction\":[{\"@type\":\"SearchAction\",\"target\":{\"@type\":\"EntryPoint\",\"urlTemplate\":\"https:\\\/\\\/laruchedoreedugatinais.com\\\/?s={search_term_string}\"},\"query-input\":{\"@type\":\"PropertyValueSpecification\",\"valueRequired\":true,\"valueName\":\"search_term_string\"}}],\"inLanguage\":\"fr-FR\"}]}<\/script>\n<!-- \/ Yoast SEO plugin. -->","yoast_head_json":{"title":"produits de la ruche - La Ruche Doree du gatinais","robots":{"index":"index","follow":"follow","max-snippet":"max-snippet:-1","max-image-preview":"max-image-preview:large","max-video-preview":"max-video-preview:-1"},"canonical":"https:\/\/laruchedoreedugatinais.com\/index.php\/produits-de-la-ruche\/","og_locale":"fr_FR","og_type":"article","og_title":"produits de la ruche - La Ruche Doree du gatinais","og_url":"https:\/\/laruchedoreedugatinais.com\/index.php\/produits-de-la-ruche\/","og_site_name":"La Ruche Doree du gatinais","article_modified_time":"2023-10-24T08:19:57+00:00","twitter_card":"summary_large_image","twitter_misc":{"Dur\u00e9e de lecture estim\u00e9e":"1 minute"},"schema":{"@context":"https:\/\/schema.org","@graph":[{"@type":"WebPage","@id":"https:\/\/laruchedoreedugatinais.com\/index.php\/produits-de-la-ruche\/","url":"https:\/\/laruchedoreedugatinais.com\/index.php\/produits-de-la-ruche\/","name":"produits de la ruche - La Ruche Doree du gatinais","isPartOf":{"@id":"https:\/\/laruchedoreedugatinais.com\/#website"},"datePublished":"2022-08-31T13:00:53+00:00","dateModified":"2023-10-24T08:19:57+00:00","breadcrumb":{"@id":"https:\/\/laruchedoreedugatinais.com\/index.php\/produits-de-la-ruche\/#breadcrumb"},"inLanguage":"fr-FR","potentialAction":[{"@type":"ReadAction","target":["https:\/\/laruchedoreedugatinais.com\/index.php\/produits-de-la-ruche\/"]}]},{"@type":"BreadcrumbList","@id":"https:\/\/laruchedoreedugatinais.com\/index.php\/produits-de-la-ruche\/#breadcrumb","itemListElement":[{"@type":"ListItem","position":1,"name":"Accueil","item":"https:\/\/laruchedoreedugatinais.com\/"},{"@type":"ListItem","position":2,"name":"produits de la ruche"}]},{"@type":"WebSite","@id":"https:\/\/laruchedoreedugatinais.com\/#website","url":"https:\/\/laruchedoreedugatinais.com\/","name":"La Ruche Doree du gatinais","description":"","potentialAction":[{"@type":"SearchAction","target":{"@type":"EntryPoint","urlTemplate":"https:\/\/laruchedoreedugatinais.com\/?s={search_term_string}"},"query-input":{"@type":"PropertyValueSpecification","valueRequired":true,"valueName":"search_term_string"}}],"inLanguage":"fr-FR"}]}},"jetpack_sharing_enabled":true,"_links":{"self":[{"href":"https:\/\/laruchedoreedugatinais.com\/index.php\/wp-json\/wp\/v2\/pages\/25","targetHints":{"allow":["GET"]}}],"collection":[{"href":"https:\/\/laruchedoreedugatinais.com\/index.php\/wp-json\/wp\/v2\/pages"}],"about":[{"href":"https:\/\/laruchedoreedugatinais.com\/index.php\/wp-json\/wp\/v2\/types\/page"}],"author":[{"embeddable":true,"href":"https:\/\/laruchedoreedugatinais.com\/index.php\/wp-json\/wp\/v2\/users\/1"}],"replies":[{"embeddable":true,"href":"https:\/\/laruchedoreedugatinais.com\/index.php\/wp-json\/wp\/v2\/comments?post=25"}],"version-history":[{"count":7,"href":"https:\/\/laruchedoreedugatinais.com\/index.php\/wp-json\/wp\/v2\/pages\/25\/revisions"}],"predecessor-version":[{"id":419,"href":"https:\/\/laruchedoreedugatinais.com\/index.php\/wp-json\/wp\/v2\/pages\/25\/revisions\/419"}],"wp:attachment":[{"href":"https:\/\/laruchedoreedugatinais.com\/index.php\/wp-json\/wp\/v2\/media?parent=25"}],"curies":[{"name":"wp","href":"https:\/\/api.w.org\/{rel}","templated":true}]}}